{"id":457,"date":"2023-11-24T17:33:03","date_gmt":"2023-11-24T17:33:03","guid":{"rendered":"https:\/\/foursplines.com\/?page_id=457"},"modified":"2024-04-12T20:07:07","modified_gmt":"2024-04-12T20:07:07","slug":"accueil","status":"publish","type":"page","link":"https:\/\/foursplines.com\/en\/","title":{"rendered":"Accueil"},"content":{"rendered":"<main class=\"wp-block-group alignfull is-layout-flow wp-container-core-group-is-layout-bb62f62d wp-block-group-is-layout-flow\" style=\"margin-top:0\">\n<div class=\"wp-block-cover alignfull wp-duotone-272727-606060-1\" style=\"margin-top:0;padding-top:48px;padding-right:48px;padding-bottom:48px;padding-left:48px;min-height:100vh;aspect-ratio:unset;\"><span aria-hidden=\"true\" class=\"wp-block-cover__background has-background-dim-20 has-background-dim\"><\/span><img loading=\"lazy\" decoding=\"async\" width=\"2560\" height=\"1920\" class=\"wp-block-cover__image-background wp-image-24\" alt=\"\" src=\"https:\/\/foursplines.com\/wp-content\/uploads\/2023\/11\/IMG_20190208_151007-scaled.jpg\" data-object-fit=\"cover\" srcset=\"https:\/\/foursplines.com\/wp-content\/uploads\/2023\/11\/IMG_20190208_151007-scaled.jpg 2560w, https:\/\/foursplines.com\/wp-content\/uploads\/2023\/11\/IMG_20190208_151007-300x225.jpg 300w, https:\/\/foursplines.com\/wp-content\/uploads\/2023\/11\/IMG_20190208_151007-1024x768.jpg 1024w, https:\/\/foursplines.com\/wp-content\/uploads\/2023\/11\/IMG_20190208_151007-768x576.jpg 768w, https:\/\/foursplines.com\/wp-content\/uploads\/2023\/11\/IMG_20190208_151007-1536x1152.jpg 1536w, https:\/\/foursplines.com\/wp-content\/uploads\/2023\/11\/IMG_20190208_151007-2048x1536.jpg 2048w\" sizes=\"auto, (max-width: 2560px) 100vw, 2560px\" \/><div class=\"wp-block-cover__inner-container is-layout-flow wp-block-cover-is-layout-flow\">\n<div class=\"wp-block-group has-global-padding is-layout-constrained wp-container-core-group-is-layout-56d054cc wp-block-group-is-layout-constrained\" style=\"padding-top:0;padding-right:0;padding-bottom:0;padding-left:0\">\n<div class=\"wp-block-group alignwide is-vertical is-content-justification-center is-layout-flex wp-container-core-group-is-layout-08b3b6e4 wp-block-group-is-layout-flex\" style=\"margin-top:0;margin-bottom:0;padding-top:0;padding-bottom:0\">\n<h2 class=\"wp-block-heading alignwide has-text-align-center has-white-color has-text-color\" style=\"margin-top:0;margin-right:0;margin-bottom:0;margin-left:0;padding-top:0;padding-right:0;padding-bottom:0;padding-left:0;font-size:clamp(2.629rem, 2.629rem + ((1vw - 0.2rem) * 3.952), 5rem);font-style:normal;font-weight:700;letter-spacing:0px;line-height:1;text-transform:uppercase\"><strong><mark style=\"background-color:rgba(0, 0, 0, 0);color:#ffc82f\" class=\"has-inline-color\">You have a product<\/mark><\/strong><mark style=\"background-color:rgba(0, 0, 0, 0)\" class=\"has-inline-color has-accent-3-color\">, <\/mark>we have a <strong>manufacturing solution<\/strong><\/h2>\n\n\n\n<div class=\"wp-block-columns alignwide are-vertically-aligned-top is-layout-flex wp-container-core-columns-is-layout-33233fb6 wp-block-columns-is-layout-flex\" style=\"margin-top:var(--wp--preset--spacing--20);margin-bottom:var(--wp--preset--spacing--20)\">\n<div class=\"wp-block-column is-vertically-aligned-top has-global-padding is-layout-constrained wp-block-column-is-layout-constrained\" style=\"flex-basis:33%\">\n<h1 class=\"wp-block-heading has-text-align-center is-style-default has-medium-font-size\" style=\"font-style:normal;font-weight:700;text-transform:uppercase\">Plastic<br>Injection<\/h1>\n<\/div>\n\n\n\n<div class=\"wp-block-column is-vertically-aligned-top has-global-padding is-layout-constrained wp-block-column-is-layout-constrained\" style=\"flex-basis:33%\">\n<h2 class=\"wp-block-heading has-text-align-center is-style-default has-medium-font-size\" style=\"text-transform:uppercase\">Production management<\/h2>\n<\/div>\n\n\n\n<div class=\"wp-block-column is-vertically-aligned-top has-global-padding is-layout-constrained wp-block-column-is-layout-constrained\" style=\"flex-basis:33%\">\n<h2 class=\"wp-block-heading has-text-align-center has-medium-font-size\" style=\"text-transform:uppercase\">Quality control<\/h2>\n<\/div>\n<\/div>\n<\/div>\n\n\n\n<div class=\"wp-block-group has-global-padding is-layout-constrained wp-block-group-is-layout-constrained\" style=\"margin-top:var(--wp--preset--spacing--10);margin-bottom:var(--wp--preset--spacing--10)\">\n<p class=\"has-text-align-center has-contrast-color has-text-color has-link-color has-medium-font-size wp-elements-f43b88f5001c6acb9195e0583a94e798\">Since 2015, Foursplines has distinguished itself as a leading service provider, specializing in plastic injection and high-precision mold manufacturing. We are dedicated to meeting all your diverse product manufacturing needs, combining technical expertise and adaptability to a wide range of manufacturing processes.<\/p>\n<\/div>\n\n\n\n<div class=\"wp-block-outermost-icon-block items-justified-center hide_tablet\"><a class=\"icon-container has-icon-color has-icon-background-color has-accent-3-color\" href=\"#debut\" style=\"background-color:#2626268f;color:#ffc82f;width:48px;padding-top:var(--wp--preset--spacing--10);padding-right:0;padding-bottom:var(--wp--preset--spacing--10);padding-left:0;border-radius:68px\"><svg xmlns=\"http:\/\/www.w3.org\/2000\/svg\" viewbox=\"0 0 24 24\" aria-hidden=\"true\"><path d=\"m16.5 13.5-3.7 3.7V4h-1.5v13.2l-3.8-3.7-1 1 5.5 5.6 5.5-5.6z\"><\/path><\/svg><\/a><\/div>\n<\/div>\n<\/div><\/div>\n\n\n\n<div class=\"wp-block-group alignfull lines_pattern has-base-2-background-color has-background has-global-padding is-layout-constrained wp-container-core-group-is-layout-669513ed wp-block-group-is-layout-constrained\" id=\"debut\" style=\"margin-top:0;margin-bottom:0;padding-top:var(--wp--preset--spacing--50);padding-right:var(--wp--preset--spacing--50);padding-bottom:var(--wp--preset--spacing--50);padding-left:var(--wp--preset--spacing--50)\">\n<h2 class=\"wp-block-heading\"><mark style=\"background-color:rgba(0, 0, 0, 0);color:#ffc82f\" class=\"has-inline-color\">Why contact<\/mark> us for manufacturing services<\/h2>\n\n\n\n<p>What sets us apart from our competitors is that we control all the <strong><a href=\"\/en\/expertise\/#processus\">manufacturing steps<\/a> <\/strong>by following a rigorous internal process while remaining agile for our clients.<\/p>\n\n\n\n<p>All of our achievements undergo a meticulous analysis aiming to select the optimum manufacturing process tailored to your needs. Our innovative vision provide you with custom parts that meet your requirements, suitable for your prototypes, preproduction and large-scale production..<\/p>\n\n\n\n<p>We built over time priceless relationships with manufacturers in a great variety of fields both locally and internationally with whom we work creatively to come up with faster and cutting-edge solutions. All our choices are based on the experience of our team, which combines more than 600 products to its credit for companies of all horizons, ranging from startups to Fortune 500 companies<\/p>\n\n\n\n<hr class=\"wp-block-separator has-alpha-channel-opacity is-style-wide\"\/>\n\n\n\n<div style=\"height:50px\" aria-hidden=\"true\" class=\"wp-block-spacer\"><\/div>\n\n\n\n<div class=\"wp-block-columns alignwide is-layout-flex wp-container-core-columns-is-layout-d0bbbce0 wp-block-columns-is-layout-flex\">\n<div class=\"wp-block-column is-layout-flow wp-container-core-column-is-layout-1672eca2 wp-block-column-is-layout-flow\" style=\"padding-top:var(--wp--preset--spacing--20);padding-bottom:var(--wp--preset--spacing--20)\">\n<h3 class=\"wp-block-heading has-text-align-left is-style-default has-body-font-family has-medium-font-size\" style=\"font-style:normal;font-weight:600\">Prototyping<\/h3>\n\n\n\n<p class=\"has-small-font-size\">Prototyping in industrial manufacturing involves creating an initial model or an experimental version of a product. This process is crucial as it allows for testing and validating concepts prior to mass production.<\/p>\n\n\n\n<ul class=\"has-small-font-size wp-block-list\">\n<li>Additive manufacturing (3D print);<\/li>\n\n\n\n<li>CNC machining;<\/li>\n\n\n\n<li>Molding and casting;<\/li>\n\n\n\n<li>Rapid prototyping (SLA, SLS).<\/li>\n<\/ul>\n<\/div>\n\n\n\n<div class=\"wp-block-column is-layout-flow wp-container-core-column-is-layout-1672eca2 wp-block-column-is-layout-flow\" style=\"padding-top:var(--wp--preset--spacing--20);padding-bottom:var(--wp--preset--spacing--20)\">\n<h3 class=\"wp-block-heading has-text-align-left is-style-default has-body-font-family has-medium-font-size\" style=\"margin-top:0;margin-bottom:0;font-style:normal;font-weight:600\">Pre-production<\/h3>\n\n\n\n<p class=\"has-small-font-size\">Pre-production is a crucial phase where final adjustments are transformed into workable plans for manufacturing. This stage includes finalizing parts, planning production, and establishing technical specifications.<\/p>\n\n\n\n<p class=\"has-small-font-size\">In summary, pre-production involves a series of meticulous processes aimed at ensuring that the final product is not only aesthetically compliant and functional, but also feasible, economically viable, and compliant with industry standards.<\/p>\n<\/div>\n\n\n\n<div class=\"wp-block-column is-layout-flow wp-container-core-column-is-layout-1672eca2 wp-block-column-is-layout-flow\" style=\"padding-top:var(--wp--preset--spacing--20);padding-bottom:var(--wp--preset--spacing--20)\">\n<h3 class=\"wp-block-heading has-text-align-left is-style-default has-body-font-family has-medium-font-size\" style=\"font-style:normal;font-weight:600\">Production<\/h3>\n\n\n\n<p class=\"has-text-align-left has-small-font-size\">Large-scale production is the stage where products are produced in large quantities using efficient and standardized manufacturing processes. Manufacturing, receiving parts, quality control and shipping are all part of our manufacturing management.<\/p>\n<\/div>\n<\/div>\n<\/div>\n\n\n\n<div class=\"wp-block-group alignfull dark_background parallax1 has-global-padding is-layout-constrained wp-container-core-group-is-layout-daa29608 wp-block-group-is-layout-constrained has-background\" style=\"margin-top:0;margin-bottom:0;padding-top:var(--wp--preset--spacing--50);padding-right:var(--wp--preset--spacing--50);padding-bottom:var(--wp--preset--spacing--50);padding-left:var(--wp--preset--spacing--50);background-image:url(&apos;https:\/\/foursplines.com\/wp-content\/uploads\/2023\/11\/moule.jpg&apos;);background-size:cover;\">\n<h1 class=\"wp-block-heading has-text-align-center has-x-large-font-size\"> <em> <\/em>We can help you, regardless of the progress of your project<\/h1>\n<\/div>\n\n\n\n<hr class=\"wp-block-separator has-alpha-channel-opacity\"\/>\n\n\n\n<div class=\"wp-block-group alignfull has-global-padding is-layout-constrained wp-container-core-group-is-layout-d89aad35 wp-block-group-is-layout-constrained\" style=\"margin-top:0;margin-bottom:0;padding-top:var(--wp--preset--spacing--50);padding-right:var(--wp--preset--spacing--50);padding-bottom:var(--wp--preset--spacing--50);padding-left:var(--wp--preset--spacing--50)\">\n<div class=\"wp-block-group alignwide has-global-padding is-layout-constrained wp-container-core-group-is-layout-19e250f3 wp-block-group-is-layout-constrained\">\n<div class=\"wp-block-group is-vertical is-content-justification-center is-layout-flex wp-container-core-group-is-layout-6329a8f3 wp-block-group-is-layout-flex\">\n<h2 class=\"wp-block-heading has-text-align-center is-style-default\">An expertise for all your needs<\/h2>\n<\/div>\n\n\n\n<div style=\"height:var(--wp--preset--spacing--40)\" aria-hidden=\"true\" class=\"wp-block-spacer\"><\/div>\n\n\n\n<div class=\"wp-block-columns is-layout-flex wp-container-core-columns-is-layout-77ab6691 wp-block-columns-is-layout-flex\" style=\"margin-top:0;margin-bottom:0;padding-top:0;padding-right:0;padding-bottom:0;padding-left:0\">\n<div class=\"wp-block-column is-vertically-aligned-center is-layout-flow wp-block-column-is-layout-flow\" style=\"padding-right:0;padding-left:0;flex-basis:50%\">\n<h3 class=\"wp-block-heading is-style-default\">Manufacturing processes<\/h3>\n\n\n\n<ul class=\"wp-block-list\">\n<li class=\"has-small-font-size\">Plastic injection<\/li>\n\n\n\n<li class=\"has-small-font-size\">Overmolding<\/li>\n\n\n\n<li class=\"has-small-font-size\">Aluminium extrusion<\/li>\n\n\n\n<li class=\"has-small-font-size\">Elastomer extrusion<\/li>\n\n\n\n<li class=\"has-small-font-size\">3D print<\/li>\n\n\n\n<li class=\"has-small-font-size\">CNC machining<\/li>\n\n\n\n<li class=\"has-small-font-size\">Molding and casting<\/li>\n\n\n\n<li class=\"has-small-font-size\">Sand casting (Aluminum)<\/li>\n\n\n\n<li class=\"has-small-font-size\">Sheet metal forming<\/li>\n\n\n\n<li class=\"has-small-font-size\">Label and membrane printing<\/li>\n<\/ul>\n<\/div>\n\n\n\n<div class=\"wp-block-column is-layout-flow wp-block-column-is-layout-flow\" style=\"flex-basis:50%\">\n<figure class=\"wp-block-image size-full is-style-rounded is-style-rounded--2\"><img loading=\"lazy\" decoding=\"async\" width=\"2560\" height=\"1920\" src=\"https:\/\/foursplines.com\/wp-content\/uploads\/2023\/11\/IMG_20180712_092722-scaled.jpg\" alt=\"\" class=\"wp-image-416\" srcset=\"https:\/\/foursplines.com\/wp-content\/uploads\/2023\/11\/IMG_20180712_092722-scaled.jpg 2560w, https:\/\/foursplines.com\/wp-content\/uploads\/2023\/11\/IMG_20180712_092722-300x225.jpg 300w, https:\/\/foursplines.com\/wp-content\/uploads\/2023\/11\/IMG_20180712_092722-1024x768.jpg 1024w, https:\/\/foursplines.com\/wp-content\/uploads\/2023\/11\/IMG_20180712_092722-768x576.jpg 768w, https:\/\/foursplines.com\/wp-content\/uploads\/2023\/11\/IMG_20180712_092722-1536x1152.jpg 1536w, https:\/\/foursplines.com\/wp-content\/uploads\/2023\/11\/IMG_20180712_092722-2048x1536.jpg 2048w\" sizes=\"auto, (max-width: 2560px) 100vw, 2560px\" \/><\/figure>\n<\/div>\n<\/div>\n\n\n\n<div style=\"height:var(--wp--preset--spacing--40)\" aria-hidden=\"true\" class=\"wp-block-spacer\"><\/div>\n\n\n\n<div class=\"wp-block-columns wrap_reverse is-layout-flex wp-container-core-columns-is-layout-d0846407 wp-block-columns-is-layout-flex\">\n<div class=\"wp-block-column is-layout-flow wp-block-column-is-layout-flow\" style=\"flex-basis:50%\">\n<figure class=\"wp-block-image size-large is-style-rounded is-style-rounded--3\"><img loading=\"lazy\" decoding=\"async\" width=\"1024\" height=\"683\" src=\"https:\/\/foursplines.com\/wp-content\/uploads\/2023\/11\/62a54cec5caf-1024x683.jpg\" alt=\"\" class=\"wp-image-421\" srcset=\"https:\/\/foursplines.com\/wp-content\/uploads\/2023\/11\/62a54cec5caf-1024x683.jpg 1024w, https:\/\/foursplines.com\/wp-content\/uploads\/2023\/11\/62a54cec5caf-300x200.jpg 300w, https:\/\/foursplines.com\/wp-content\/uploads\/2023\/11\/62a54cec5caf-768x512.jpg 768w, https:\/\/foursplines.com\/wp-content\/uploads\/2023\/11\/62a54cec5caf-1536x1024.jpg 1536w, https:\/\/foursplines.com\/wp-content\/uploads\/2023\/11\/62a54cec5caf.jpg 1620w\" sizes=\"auto, (max-width: 1024px) 100vw, 1024px\" \/><\/figure>\n<\/div>\n\n\n\n<div class=\"wp-block-column is-vertically-aligned-center is-layout-flow wp-block-column-is-layout-flow\" style=\"flex-basis:50%\">\n<h3 class=\"wp-block-heading is-style-default\">Finishing processes<\/h3>\n\n\n\n<ul class=\"wp-block-list\">\n<li class=\"has-small-font-size\">Liquid paint<\/li>\n\n\n\n<li class=\"has-small-font-size\">Powder coating<\/li>\n\n\n\n<li class=\"has-small-font-size\">Anodizing<\/li>\n\n\n\n<li class=\"has-small-font-size\">Zinc plating<\/li>\n<\/ul>\n<\/div>\n<\/div>\n\n\n\n<div style=\"height:var(--wp--preset--spacing--40)\" aria-hidden=\"true\" class=\"wp-block-spacer\"><\/div>\n\n\n\n<div class=\"wp-block-columns is-layout-flex wp-container-core-columns-is-layout-549b0c86 wp-block-columns-is-layout-flex\">\n<div class=\"wp-block-column is-vertically-aligned-center is-layout-flow wp-block-column-is-layout-flow\" style=\"flex-basis:50%\">\n<h3 class=\"wp-block-heading is-style-default\">Production management<\/h3>\n\n\n\n<ul class=\"wp-block-list\">\n<li class=\"has-small-font-size\">Tooling Manufacturing<\/li>\n\n\n\n<li class=\"has-small-font-size\">Jig fabrication<\/li>\n\n\n\n<li class=\"has-small-font-size\">Quality control<\/li>\n\n\n\n<li class=\"has-small-font-size\">Submission<\/li>\n\n\n\n<li class=\"has-small-font-size\">Audit<\/li>\n\n\n\n<li class=\"has-small-font-size\">Packaging<\/li>\n\n\n\n<li class=\"has-small-font-size\">Shipping<\/li>\n<\/ul>\n<\/div>\n\n\n\n<div class=\"wp-block-column is-layout-flow wp-block-column-is-layout-flow\" style=\"flex-basis:50%\">\n<figure class=\"wp-block-image size-large is-style-rounded is-style-rounded--4\"><img loading=\"lazy\" decoding=\"async\" width=\"768\" height=\"1024\" src=\"https:\/\/foursplines.com\/wp-content\/uploads\/2023\/11\/v-768x1024.jpg\" alt=\"\" class=\"wp-image-392\" srcset=\"https:\/\/foursplines.com\/wp-content\/uploads\/2023\/11\/v-768x1024.jpg 768w, https:\/\/foursplines.com\/wp-content\/uploads\/2023\/11\/v-225x300.jpg 225w, https:\/\/foursplines.com\/wp-content\/uploads\/2023\/11\/v-1152x1536.jpg 1152w, https:\/\/foursplines.com\/wp-content\/uploads\/2023\/11\/v-1536x2048.jpg 1536w, https:\/\/foursplines.com\/wp-content\/uploads\/2023\/11\/v-scaled.jpg 1920w\" sizes=\"auto, (max-width: 768px) 100vw, 768px\" \/><\/figure>\n<\/div>\n<\/div>\n<\/div>\n<\/div>\n\n\n\n<div class=\"wp-block-group alignfull has-base-background-color has-background is-content-justification-center is-layout-flex wp-container-core-group-is-layout-6cee3c69 wp-block-group-is-layout-flex\" style=\"margin-top:0;margin-bottom:0;padding-top:var(--wp--preset--spacing--50);padding-right:var(--wp--preset--spacing--50);padding-bottom:var(--wp--preset--spacing--50);padding-left:var(--wp--preset--spacing--50)\">\n<div class=\"wp-block-group alignwide has-base-2-background-color has-background is-layout-flow wp-block-group-is-layout-flow\" style=\"border-radius:16px;padding-top:var(--wp--preset--spacing--30);padding-right:var(--wp--preset--spacing--30);padding-bottom:var(--wp--preset--spacing--30);padding-left:var(--wp--preset--spacing--30)\">\n<div style=\"height:0px;width:0px\" aria-hidden=\"true\" class=\"wp-block-spacer\"><\/div>\n\n\n\n<h2 class=\"wp-block-heading has-text-align-center has-x-large-font-size\">Un projet \u00e0 fabriquer?<\/h2>\n\n\n\n<p class=\"has-text-align-center has-medium-font-size\">Si vous devez faire fabriquer un produit? Que ce soit pour une seule copie ou pour des millions, notre savoir faire saura vous \u00eates utile.<\/p>\n\n\n\n<div style=\"height:0px;width:0px\" aria-hidden=\"true\" class=\"wp-block-spacer\"><\/div>\n\n\n\n<div class=\"wp-block-buttons is-content-justification-center is-layout-flex wp-container-core-buttons-is-layout-a89b3969 wp-block-buttons-is-layout-flex\">\n<div class=\"wp-block-button has-custom-width wp-block-button__width-50\"><a class=\"wp-block-button__link wp-element-button\" href=\"mailto:studio@foursplines.com\">Contact us.<\/a><\/div>\n<\/div>\n<\/div>\n\n\n\n<div class=\"wp-block-group alignwide has-base-2-background-color has-background is-layout-flow wp-block-group-is-layout-flow\" style=\"border-radius:16px;padding-top:var(--wp--preset--spacing--30);padding-right:var(--wp--preset--spacing--30);padding-bottom:var(--wp--preset--spacing--30);padding-left:var(--wp--preset--spacing--30)\">\n<div style=\"height:1rem;width:0px\" aria-hidden=\"true\" class=\"wp-block-spacer\"><\/div>\n\n\n\n<h2 class=\"wp-block-heading has-text-align-center has-x-large-font-size\">You are a supplier?<\/h2>\n\n\n\n<p class=\"has-text-align-center has-medium-font-size\">You are a supplier and you would like to be included in trusted suppliers listing, we are interested in knowing you.<\/p>\n\n\n\n<div style=\"height:1rem;width:0px\" aria-hidden=\"true\" class=\"wp-block-spacer\"><\/div>\n\n\n\n<div class=\"wp-block-buttons is-content-justification-center is-layout-flex wp-container-core-buttons-is-layout-a89b3969 wp-block-buttons-is-layout-flex\">\n<div class=\"wp-block-button has-custom-width wp-block-button__width-50\"><a class=\"wp-block-button__link wp-element-button\" href=\"mailto:studio@foursplines.com\">Contact us.<\/a><\/div>\n<\/div>\n<\/div>\n<\/div>\n<\/main>","protected":false},"excerpt":{"rendered":"<p>Pourquoi solliciter nos services pour la fabrication Ce qui nous d\u00e9marque de nos concurrents, c\u2019est notre ma\u00eetrise de toutes les \u00e9tapes de fabrication en suivant un processus rigoureux \u00e0 l\u2019interne tout en demeurant agile pour nos clients. Toutes nos r\u00e9alisations font l\u2019objet d\u2019une analyse pour la s\u00e9lection du proc\u00e9d\u00e9 de fabrication adapt\u00e9 \u00e0 vos besoins. [&hellip;]<\/p>\n","protected":false},"author":1,"featured_media":0,"parent":0,"menu_order":0,"comment_status":"closed","ping_status":"closed","template":"page-no-title","meta":{"footnotes":""},"class_list":["post-457","page","type-page","status-publish","hentry"],"_links":{"self":[{"href":"https:\/\/foursplines.com\/en\/wp-json\/wp\/v2\/pages\/457","targetHints":{"allow":["GET"]}}],"collection":[{"href":"https:\/\/foursplines.com\/en\/wp-json\/wp\/v2\/pages"}],"about":[{"href":"https:\/\/foursplines.com\/en\/wp-json\/wp\/v2\/types\/page"}],"author":[{"embeddable":true,"href":"https:\/\/foursplines.com\/en\/wp-json\/wp\/v2\/users\/1"}],"replies":[{"embeddable":true,"href":"https:\/\/foursplines.com\/en\/wp-json\/wp\/v2\/comments?post=457"}],"version-history":[{"count":50,"href":"https:\/\/foursplines.com\/en\/wp-json\/wp\/v2\/pages\/457\/revisions"}],"predecessor-version":[{"id":840,"href":"https:\/\/foursplines.com\/en\/wp-json\/wp\/v2\/pages\/457\/revisions\/840"}],"wp:attachment":[{"href":"https:\/\/foursplines.com\/en\/wp-json\/wp\/v2\/media?parent=457"}],"curies":[{"name":"wp","href":"https:\/\/api.w.org\/{rel}","templated":true}]}}